{"id":86,"date":"2026-02-02T11:27:42","date_gmt":"2026-02-02T11:27:42","guid":{"rendered":"https:\/\/cajinco.com\/?page_id=86"},"modified":"2026-02-02T11:27:42","modified_gmt":"2026-02-02T11:27:42","slug":"gestion-des-risques","status":"publish","type":"page","link":"https:\/\/cajinco.com\/index.php\/gestion-des-risques\/","title":{"rendered":"Gestion des risques"},"content":{"rendered":"\n<h3 class=\"wp-block-heading\">Une approche structur\u00e9e du risque<\/h3>\n\n\n\n<p>Le n\u00e9goce agricole implique des risques multiples. Cajinco int\u00e8gre la gestion du risque \u00e0 chaque \u00e9tape de ses op\u00e9rations afin d\u2019assurer la continuit\u00e9 et la fiabilit\u00e9 de ses engagements commerciaux.<\/p>\n\n\n\n<h3 class=\"wp-block-heading\">Risque qualit\u00e9<\/h3>\n\n\n\n<p>La s\u00e9lection rigoureuse des fournisseurs, les contr\u00f4les et la documentation permettent de r\u00e9duire les risques li\u00e9s \u00e0 la non-conformit\u00e9 ou \u00e0 la variabilit\u00e9 des marchandises.<\/p>\n\n\n\n<h3 class=\"wp-block-heading\">Risque logistique<\/h3>\n\n\n\n<p>Nous anticipons les contraintes li\u00e9es au transport international, aux d\u00e9lais et aux formalit\u00e9s afin de s\u00e9curiser l\u2019acheminement des marchandises jusqu\u2019\u00e0 leur destination finale.<\/p>\n\n\n\n<h3 class=\"wp-block-heading\">Risque de contrepartie<\/h3>\n\n\n\n<p>Cajinco privil\u00e9gie des relations commerciales avec des partenaires identifi\u00e9s et fiables. Les modalit\u00e9s contractuelles sont d\u00e9finies de mani\u00e8re claire afin de limiter les risques financiers et op\u00e9rationnels.<\/p>\n\n\n\n<h3 class=\"wp-block-heading\">Risque march\u00e9<\/h3>\n\n\n\n<p>L\u2019\u00e9volution des march\u00e9s agricoles et la volatilit\u00e9 des prix sont int\u00e9gr\u00e9es dans notre approche commerciale. Cajinco privil\u00e9gie une gestion prudente des engagements et une bonne visibilit\u00e9 sur les flux.<\/p>\n\n\n\n<p>Cette approche globale permet \u00e0 Cajinco de mener des op\u00e9rations de n\u00e9goce responsables et ma\u00eetris\u00e9es.<\/p>\n","protected":false},"excerpt":{"rendered":"<p>Une approche structur\u00e9e du risque Le n\u00e9goce agricole implique des risques multiples. Cajinco int\u00e8gre la gestion du risque \u00e0 chaque \u00e9tape de ses op\u00e9rations afin d\u2019assurer la continuit\u00e9 et la fiabilit\u00e9 de ses engagements commerciaux. Risque qualit\u00e9 La s\u00e9lection rigoureuse des fournisseurs, les contr\u00f4les et la documentation permettent de r\u00e9duire les risques li\u00e9s \u00e0 la [&hellip;]<\/p>\n","protected":false},"author":1,"featured_media":0,"parent":0,"menu_order":0,"comment_status":"closed","ping_status":"closed","template":"","meta":{"footnotes":""},"class_list":["post-86","page","type-page","status-publish","hentry"],"_links":{"self":[{"href":"https:\/\/cajinco.com\/index.php\/wp-json\/wp\/v2\/pages\/86","targetHints":{"allow":["GET"]}}],"collection":[{"href":"https:\/\/cajinco.com\/index.php\/wp-json\/wp\/v2\/pages"}],"about":[{"href":"https:\/\/cajinco.com\/index.php\/wp-json\/wp\/v2\/types\/page"}],"author":[{"embeddable":true,"href":"https:\/\/cajinco.com\/index.php\/wp-json\/wp\/v2\/users\/1"}],"replies":[{"embeddable":true,"href":"https:\/\/cajinco.com\/index.php\/wp-json\/wp\/v2\/comments?post=86"}],"version-history":[{"count":1,"href":"https:\/\/cajinco.com\/index.php\/wp-json\/wp\/v2\/pages\/86\/revisions"}],"predecessor-version":[{"id":87,"href":"https:\/\/cajinco.com\/index.php\/wp-json\/wp\/v2\/pages\/86\/revisions\/87"}],"wp:attachment":[{"href":"https:\/\/cajinco.com\/index.php\/wp-json\/wp\/v2\/media?parent=86"}],"curies":[{"name":"wp","href":"https:\/\/api.w.org\/{rel}","templated":true}]}}