{"id":84,"date":"2026-02-02T11:26:47","date_gmt":"2026-02-02T11:26:47","guid":{"rendered":"https:\/\/cajinco.com\/?page_id=84"},"modified":"2026-02-02T11:26:47","modified_gmt":"2026-02-02T11:26:47","slug":"qualite-conformite-tracabilite","status":"publish","type":"page","link":"https:\/\/cajinco.com\/index.php\/qualite-conformite-tracabilite\/","title":{"rendered":"Qualit\u00e9, conformit\u00e9 &#038; tra\u00e7abilit\u00e9"},"content":{"rendered":"\n<h3 class=\"wp-block-heading\">Une exigence au c\u0153ur de nos op\u00e9rations<\/h3>\n\n\n\n<p>Dans le n\u00e9goce international de produits agricoles, la qualit\u00e9 et la conformit\u00e9 sont des facteurs d\u00e9terminants de r\u00e9ussite. Cajinco applique des standards rigoureux afin de garantir des marchandises conformes aux exigences des march\u00e9s internationaux et aux attentes de ses partenaires.<\/p>\n\n\n\n<h3 class=\"wp-block-heading\">S\u00e9lection des fournisseurs<\/h3>\n\n\n\n<p>Nous travaillons exclusivement avec des producteurs, coop\u00e9ratives et fournisseurs capables de r\u00e9pondre \u00e0 des crit\u00e8res pr\u00e9cis en mati\u00e8re de qualit\u00e9, de volumes et de r\u00e9gularit\u00e9. Chaque partenariat est fond\u00e9 sur une relation professionnelle, durable et transparente.<\/p>\n\n\n\n<h3 class=\"wp-block-heading\">Contr\u00f4le qualit\u00e9<\/h3>\n\n\n\n<p>Selon la nature des marchandises et des contrats, Cajinco met en \u0153uvre :<\/p>\n\n\n\n<ul class=\"wp-block-list\">\n<li>des contr\u00f4les avant exp\u00e9dition<\/li>\n\n\n\n<li>des inspections ind\u00e9pendantes lorsque n\u00e9cessaire<\/li>\n\n\n\n<li>la v\u00e9rification des caract\u00e9ristiques physiques et documentaires des lots<\/li>\n<\/ul>\n\n\n\n<h3 class=\"wp-block-heading\">Tra\u00e7abilit\u00e9 et documentation<\/h3>\n\n\n\n<p>Chaque op\u00e9ration est accompagn\u00e9e d\u2019une documentation compl\u00e8te permettant d\u2019assurer la tra\u00e7abilit\u00e9 des marchandises :<\/p>\n\n\n\n<ul class=\"wp-block-list\">\n<li>documents commerciaux<\/li>\n\n\n\n<li>certificats requis<\/li>\n\n\n\n<li>documents logistiques et douaniers<\/li>\n<\/ul>\n\n\n\n<p>Cette rigueur documentaire permet de s\u00e9curiser les flux et de limiter les risques op\u00e9rationnels.<\/p>\n\n\n\n<h3 class=\"wp-block-heading\">Conformit\u00e9 r\u00e9glementaire<\/h3>\n\n\n\n<p>Cajinco veille au respect des r\u00e9glementations applicables au commerce international, \u00e0 l\u2019import-export et aux exigences sp\u00e9cifiques des pays d\u2019origine et de destination.<\/p>\n","protected":false},"excerpt":{"rendered":"<p>Une exigence au c\u0153ur de nos op\u00e9rations Dans le n\u00e9goce international de produits agricoles, la qualit\u00e9 et la conformit\u00e9 sont des facteurs d\u00e9terminants de r\u00e9ussite. Cajinco applique des standards rigoureux afin de garantir des marchandises conformes aux exigences des march\u00e9s internationaux et aux attentes de ses partenaires. S\u00e9lection des fournisseurs Nous travaillons exclusivement avec des [&hellip;]<\/p>\n","protected":false},"author":1,"featured_media":0,"parent":0,"menu_order":0,"comment_status":"closed","ping_status":"closed","template":"","meta":{"footnotes":""},"class_list":["post-84","page","type-page","status-publish","hentry"],"_links":{"self":[{"href":"https:\/\/cajinco.com\/index.php\/wp-json\/wp\/v2\/pages\/84","targetHints":{"allow":["GET"]}}],"collection":[{"href":"https:\/\/cajinco.com\/index.php\/wp-json\/wp\/v2\/pages"}],"about":[{"href":"https:\/\/cajinco.com\/index.php\/wp-json\/wp\/v2\/types\/page"}],"author":[{"embeddable":true,"href":"https:\/\/cajinco.com\/index.php\/wp-json\/wp\/v2\/users\/1"}],"replies":[{"embeddable":true,"href":"https:\/\/cajinco.com\/index.php\/wp-json\/wp\/v2\/comments?post=84"}],"version-history":[{"count":1,"href":"https:\/\/cajinco.com\/index.php\/wp-json\/wp\/v2\/pages\/84\/revisions"}],"predecessor-version":[{"id":85,"href":"https:\/\/cajinco.com\/index.php\/wp-json\/wp\/v2\/pages\/84\/revisions\/85"}],"wp:attachment":[{"href":"https:\/\/cajinco.com\/index.php\/wp-json\/wp\/v2\/media?parent=84"}],"curies":[{"name":"wp","href":"https:\/\/api.w.org\/{rel}","templated":true}]}}