{"id":62,"date":"2026-01-14T11:31:14","date_gmt":"2026-01-14T11:31:14","guid":{"rendered":"https:\/\/cajinco.com\/?page_id=62"},"modified":"2026-01-14T11:32:39","modified_gmt":"2026-01-14T11:32:39","slug":"mentions-legales","status":"publish","type":"page","link":"https:\/\/cajinco.com\/index.php\/mentions-legales\/","title":{"rendered":"Mentions l\u00e9gales"},"content":{"rendered":"\n<h3 class=\"wp-block-heading\">Mentions l\u00e9gales<\/h3>\n\n\n\n<p><strong>\u00c9diteur du site<\/strong><br>Le pr\u00e9sent site est \u00e9dit\u00e9 par la soci\u00e9t\u00e9 :<br><strong>Cajinco<\/strong><br>Email : <a>sales@cajinco.com<\/a><\/p>\n\n\n\n<p><strong>Responsable de la publication<\/strong><br>Cajinco<\/p>\n\n\n\n<p><strong>H\u00e9bergement<\/strong><br>Le site est h\u00e9berg\u00e9 par :<br>OVH SAS<br>2 rue Kellermann<br>59100 Roubaix \u2013 France<br>T\u00e9l\u00e9phone : 1007<br>Site : <a>www.ovh.com<\/a><\/p>\n\n\n\n<p><strong>Propri\u00e9t\u00e9 intellectuelle<\/strong><br>L\u2019ensemble des contenus pr\u00e9sents sur le site cajinco.com (textes, contenus r\u00e9dactionnels, logo, structure, mise en page, etc.) est la propri\u00e9t\u00e9 exclusive de la soci\u00e9t\u00e9 Cajinco, sauf mentions contraires.<\/p>\n\n\n\n<p>Les \u00e9l\u00e9ments graphiques, visuels, templates, th\u00e8mes, extensions et fonctionnalit\u00e9s provenant de ressources tierces  restent la propri\u00e9t\u00e9 de leurs auteurs respectifs et sont utilis\u00e9s conform\u00e9ment aux licences qui leur sont applicables.<\/p>\n\n\n\n<p>Toute reproduction, repr\u00e9sentation, modification ou diffusion, totale ou partielle, des contenus appartenant \u00e0 Cajinco est interdite sans autorisation pr\u00e9alable.<\/p>\n\n\n\n<p><strong>Donn\u00e9es personnelles<\/strong><br>Les donn\u00e9es personnelles collect\u00e9es via le formulaire de contact (nom, pr\u00e9nom, adresse email) sont utilis\u00e9es uniquement afin de r\u00e9pondre aux demandes des utilisateurs.<br>Aucune donn\u00e9e n\u2019est stock\u00e9e dans une base de donn\u00e9es du site.<\/p>\n\n\n\n<p>Conform\u00e9ment au R\u00e8glement G\u00e9n\u00e9ral sur la Protection des Donn\u00e9es (RGPD), vous disposez d\u2019un droit d\u2019acc\u00e8s, de rectification, d\u2019effacement et d\u2019opposition concernant vos donn\u00e9es.<\/p>\n\n\n\n<p>Vous pouvez exercer ces droits en contactant : <strong><a>sales@cajinco.com<\/a><\/strong><\/p>\n\n\n\n<p>Pour plus d\u2019informations, veuillez consulter la page \u00ab <a href=\"https:\/\/cajinco.com\/index.php\/politique-de-confidentialite\/\" data-type=\"page\" data-id=\"57\">Politique de confidentialit\u00e9<\/a> \u00bb.<\/p>\n","protected":false},"excerpt":{"rendered":"<p>Mentions l\u00e9gales \u00c9diteur du siteLe pr\u00e9sent site est \u00e9dit\u00e9 par la soci\u00e9t\u00e9 :CajincoEmail : sales@cajinco.com Responsable de la publicationCajinco H\u00e9bergementLe site est h\u00e9berg\u00e9 par :OVH SAS2 rue Kellermann59100 Roubaix \u2013 FranceT\u00e9l\u00e9phone : 1007Site : www.ovh.com Propri\u00e9t\u00e9 intellectuelleL\u2019ensemble des contenus pr\u00e9sents sur le site cajinco.com (textes, contenus r\u00e9dactionnels, logo, structure, mise en page, etc.) est la [&hellip;]<\/p>\n","protected":false},"author":1,"featured_media":0,"parent":0,"menu_order":0,"comment_status":"closed","ping_status":"closed","template":"","meta":{"footnotes":""},"class_list":["post-62","page","type-page","status-publish","hentry"],"_links":{"self":[{"href":"https:\/\/cajinco.com\/index.php\/wp-json\/wp\/v2\/pages\/62","targetHints":{"allow":["GET"]}}],"collection":[{"href":"https:\/\/cajinco.com\/index.php\/wp-json\/wp\/v2\/pages"}],"about":[{"href":"https:\/\/cajinco.com\/index.php\/wp-json\/wp\/v2\/types\/page"}],"author":[{"embeddable":true,"href":"https:\/\/cajinco.com\/index.php\/wp-json\/wp\/v2\/users\/1"}],"replies":[{"embeddable":true,"href":"https:\/\/cajinco.com\/index.php\/wp-json\/wp\/v2\/comments?post=62"}],"version-history":[{"count":4,"href":"https:\/\/cajinco.com\/index.php\/wp-json\/wp\/v2\/pages\/62\/revisions"}],"predecessor-version":[{"id":66,"href":"https:\/\/cajinco.com\/index.php\/wp-json\/wp\/v2\/pages\/62\/revisions\/66"}],"wp:attachment":[{"href":"https:\/\/cajinco.com\/index.php\/wp-json\/wp\/v2\/media?parent=62"}],"curies":[{"name":"wp","href":"https:\/\/api.w.org\/{rel}","templated":true}]}}