{"id":43,"date":"2026-01-12T18:03:49","date_gmt":"2026-01-12T18:03:49","guid":{"rendered":"https:\/\/cajinco.com\/?page_id=43"},"modified":"2026-01-12T18:03:49","modified_gmt":"2026-01-12T18:03:49","slug":"a-propos","status":"publish","type":"page","link":"https:\/\/cajinco.com\/index.php\/a-propos\/","title":{"rendered":"A propos"},"content":{"rendered":"\n<h2 class=\"wp-block-heading\">\u00c0 propos de Cajinco<\/h2>\n\n\n\n<p><strong>Cajinco<\/strong> est une soci\u00e9t\u00e9 de <strong>trading de marchandises<\/strong> sp\u00e9cialis\u00e9e dans l\u2019<strong>achat, la vente et la structuration d\u2019op\u00e9rations de commerce international<\/strong>.<br>Nous accompagnons producteurs et acheteurs en facilitant des \u00e9changes fiables, s\u00e9curis\u00e9s et transparents sur des march\u00e9s \u00e0 fort potentiel.<\/p>\n\n\n\n<p>Notre mission est de <strong>connecter l\u2019offre et la demande<\/strong>, en cr\u00e9ant de la valeur tout au long de la cha\u00eene commerciale, depuis les zones de production jusqu\u2019aux march\u00e9s de consommation.<\/p>\n\n\n\n<hr class=\"wp-block-separator has-alpha-channel-opacity\"\/>\n\n\n\n<h3 class=\"wp-block-heading\">Une expertise au service du commerce international<\/h3>\n\n\n\n<p>Cajinco s\u2019appuie sur une \u00e9quipe aux <strong>comp\u00e9tences compl\u00e9mentaires<\/strong>, r\u00e9unissant :<\/p>\n\n\n\n<ul class=\"wp-block-list\">\n<li>Une <strong>expertise financi\u00e8re<\/strong>, pour la structuration et la s\u00e9curisation des transactions<\/li>\n\n\n\n<li>Une <strong>expertise en export de marchandises<\/strong>, pour la ma\u00eetrise des flux commerciaux et des march\u00e9s internationaux<\/li>\n\n\n\n<li>Une <strong>direction de projet<\/strong>, pour la coordination des op\u00e9rations et le suivi rigoureux des partenaires<\/li>\n<\/ul>\n\n\n\n<p>Cette approche pluridisciplinaire nous permet d\u2019intervenir avec professionnalisme \u00e0 chaque \u00e9tape des op\u00e9rations d\u2019achat-revente.<\/p>\n\n\n\n<hr class=\"wp-block-separator has-alpha-channel-opacity\"\/>\n\n\n\n<h3 class=\"wp-block-heading\">Une approche fond\u00e9e sur la confiance<\/h3>\n\n\n\n<p>Dans un environnement international exigeant, la confiance est un facteur cl\u00e9 de r\u00e9ussite.<br>Cajinco s\u2019engage \u00e0 :<\/p>\n\n\n\n<ul class=\"wp-block-list\">\n<li>S\u00e9lectionner rigoureusement ses partenaires<\/li>\n\n\n\n<li>Garantir la qualit\u00e9 et la conformit\u00e9 des marchandises<\/li>\n\n\n\n<li>Assurer des transactions s\u00e9curis\u00e9es<\/li>\n\n\n\n<li>Favoriser la transparence et la tra\u00e7abilit\u00e9<\/li>\n\n\n\n<li>Accompagner chaque acteur avec un suivi personnalis\u00e9<\/li>\n<\/ul>\n\n\n\n<p>Nous pla\u00e7ons la relation de long terme au c\u0153ur de notre d\u00e9marche, aussi bien avec les producteurs qu\u2019avec les acheteurs.<\/p>\n\n\n\n<hr class=\"wp-block-separator has-alpha-channel-opacity\"\/>\n\n\n\n<h3 class=\"wp-block-heading\">Une vision tourn\u00e9e vers la croissance et la durabilit\u00e9<\/h3>\n\n\n\n<p>Cajinco ambitionne de devenir un <strong>acteur de r\u00e9f\u00e9rence du trading de marchandises<\/strong>, en d\u00e9veloppant des partenariats solides et en participant \u00e0 la structuration de fili\u00e8res commerciales durables.<\/p>\n\n\n\n<p>Nous croyons en un commerce international :<\/p>\n\n\n\n<ul class=\"wp-block-list\">\n<li>Responsable<\/li>\n\n\n\n<li>Cr\u00e9ateur de valeur<\/li>\n\n\n\n<li>B\u00e9n\u00e9fique pour l\u2019ensemble des parties prenantes<\/li>\n<\/ul>\n\n\n\n<hr class=\"wp-block-separator has-alpha-channel-opacity\"\/>\n\n\n\n<h3 class=\"wp-block-heading\">Notre engagement<\/h3>\n\n\n\n<p>De l\u2019identification des opportunit\u00e9s \u00e0 la finalisation des transactions, <strong>Cajinco accompagne ses partenaires \u00e0 chaque \u00e9tape<\/strong>, avec rigueur, professionnalisme et int\u00e9grit\u00e9.<\/p>\n\n\n\n<p><strong>Cajinco, votre partenaire de confiance dans le trading de marchandises \u00e0 l\u2019international.<\/strong><\/p>\n","protected":false},"excerpt":{"rendered":"<p>\u00c0 propos de Cajinco Cajinco est une soci\u00e9t\u00e9 de trading de marchandises sp\u00e9cialis\u00e9e dans l\u2019achat, la vente et la structuration d\u2019op\u00e9rations de commerce international.Nous accompagnons producteurs et acheteurs en facilitant des \u00e9changes fiables, s\u00e9curis\u00e9s et transparents sur des march\u00e9s \u00e0 fort potentiel. Notre mission est de connecter l\u2019offre et la demande, en cr\u00e9ant de la [&hellip;]<\/p>\n","protected":false},"author":1,"featured_media":0,"parent":0,"menu_order":0,"comment_status":"closed","ping_status":"closed","template":"","meta":{"footnotes":""},"class_list":["post-43","page","type-page","status-publish","hentry"],"_links":{"self":[{"href":"https:\/\/cajinco.com\/index.php\/wp-json\/wp\/v2\/pages\/43","targetHints":{"allow":["GET"]}}],"collection":[{"href":"https:\/\/cajinco.com\/index.php\/wp-json\/wp\/v2\/pages"}],"about":[{"href":"https:\/\/cajinco.com\/index.php\/wp-json\/wp\/v2\/types\/page"}],"author":[{"embeddable":true,"href":"https:\/\/cajinco.com\/index.php\/wp-json\/wp\/v2\/users\/1"}],"replies":[{"embeddable":true,"href":"https:\/\/cajinco.com\/index.php\/wp-json\/wp\/v2\/comments?post=43"}],"version-history":[{"count":1,"href":"https:\/\/cajinco.com\/index.php\/wp-json\/wp\/v2\/pages\/43\/revisions"}],"predecessor-version":[{"id":44,"href":"https:\/\/cajinco.com\/index.php\/wp-json\/wp\/v2\/pages\/43\/revisions\/44"}],"wp:attachment":[{"href":"https:\/\/cajinco.com\/index.php\/wp-json\/wp\/v2\/media?parent=43"}],"curies":[{"name":"wp","href":"https:\/\/api.w.org\/{rel}","templated":true}]}}