{"id":36,"date":"2026-01-12T17:22:39","date_gmt":"2026-01-12T17:22:39","guid":{"rendered":"https:\/\/cajinco.com\/?page_id=36"},"modified":"2026-02-02T11:23:47","modified_gmt":"2026-02-02T11:23:47","slug":"contact","status":"publish","type":"page","link":"https:\/\/cajinco.com\/index.php\/contact\/","title":{"rendered":"Contactez-nous"},"content":{"rendered":"\n<h3 class=\"wp-block-heading\">Entrer en relation avec Cajinco<\/h3>\n\n\n\n<p>Cajinco privil\u00e9gie des \u00e9changes directs, clairs et professionnels avec l\u2019ensemble de ses partenaires.<\/p>\n\n\n\n<p>Pour toute demande commerciale, proposition de partenariat, opportunit\u00e9 d\u2019investissement ou prise de contact institutionnelle, nous vous invitons \u00e0 nous \u00e9crire ou \u00e0 nous joindre par les moyens ci-dessous.<\/p>\n\n\n\n<h3 class=\"wp-block-heading\">Coordonn\u00e9es<\/h3>\n\n\n\n<p><strong>Cajinco<\/strong><br>Soci\u00e9t\u00e9 de n\u00e9goce international de produits agricoles<\/p>\n\n\n\n<p>\ud83d\udccd <strong>Si\u00e8ge social :<\/strong> Hy\u00e8res (83), FRANCE<br>\ud83c\udf0d <strong>Zone d\u2019intervention :<\/strong> International<\/p>\n\n\n\n<p>\ud83d\udce7 <strong>Email :<\/strong> <a href=\"mailto:sales@cajinco.com\">sales@cajinco.com<\/a><br><\/p>\n\n\n\n<h3 class=\"wp-block-heading\">Types de demandes<\/h3>\n\n\n\n<p>Merci de pr\u00e9ciser l\u2019objet de votre contact afin de faciliter le traitement de votre demande :<\/p>\n\n\n\n<ul class=\"wp-block-list\">\n<li>Demande d\u2019achat ou d\u2019approvisionnement<\/li>\n\n\n\n<li>Proposition de vente ou de fourniture<\/li>\n\n\n\n<li>Partenariat commercial ou logistique<\/li>\n\n\n\n<li>Opportunit\u00e9 d\u2019investissement<\/li>\n\n\n\n<li>Demande institutionnelle ou r\u00e9glementaire<\/li>\n<\/ul>\n\n\n\n<h3 class=\"wp-block-heading\">Engagement de r\u00e9ponse<\/h3>\n\n\n\n<p>Chaque demande est \u00e9tudi\u00e9e avec attention. Nos \u00e9quipes s\u2019engagent \u00e0 apporter une r\u00e9ponse dans les meilleurs d\u00e9lais, en fonction de la nature et de la pertinence de la sollicitation.<\/p>\n\n\n\n<p>Les demandes incompl\u00e8tes ou non professionnelles peuvent ne pas recevoir de r\u00e9ponse.<\/p>\n","protected":false},"excerpt":{"rendered":"<p>Entrer en relation avec Cajinco Cajinco privil\u00e9gie des \u00e9changes directs, clairs et professionnels avec l\u2019ensemble de ses partenaires. Pour toute demande commerciale, proposition de partenariat, opportunit\u00e9 d\u2019investissement ou prise de contact institutionnelle, nous vous invitons \u00e0 nous \u00e9crire ou \u00e0 nous joindre par les moyens ci-dessous. Coordonn\u00e9es CajincoSoci\u00e9t\u00e9 de n\u00e9goce international de produits agricoles \ud83d\udccd [&hellip;]<\/p>\n","protected":false},"author":1,"featured_media":0,"parent":0,"menu_order":0,"comment_status":"closed","ping_status":"closed","template":"","meta":{"footnotes":""},"class_list":["post-36","page","type-page","status-publish","hentry"],"_links":{"self":[{"href":"https:\/\/cajinco.com\/index.php\/wp-json\/wp\/v2\/pages\/36","targetHints":{"allow":["GET"]}}],"collection":[{"href":"https:\/\/cajinco.com\/index.php\/wp-json\/wp\/v2\/pages"}],"about":[{"href":"https:\/\/cajinco.com\/index.php\/wp-json\/wp\/v2\/types\/page"}],"author":[{"embeddable":true,"href":"https:\/\/cajinco.com\/index.php\/wp-json\/wp\/v2\/users\/1"}],"replies":[{"embeddable":true,"href":"https:\/\/cajinco.com\/index.php\/wp-json\/wp\/v2\/comments?post=36"}],"version-history":[{"count":10,"href":"https:\/\/cajinco.com\/index.php\/wp-json\/wp\/v2\/pages\/36\/revisions"}],"predecessor-version":[{"id":83,"href":"https:\/\/cajinco.com\/index.php\/wp-json\/wp\/v2\/pages\/36\/revisions\/83"}],"wp:attachment":[{"href":"https:\/\/cajinco.com\/index.php\/wp-json\/wp\/v2\/media?parent=36"}],"curies":[{"name":"wp","href":"https:\/\/api.w.org\/{rel}","templated":true}]}}